{"id":37,"date":"2022-04-30T14:52:58","date_gmt":"2022-04-30T14:52:58","guid":{"rendered":"https:\/\/regensburger-ruderregatta.de\/?page_id=37"},"modified":"2023-04-08T18:49:36","modified_gmt":"2023-04-08T16:49:36","slug":"fahrtordnung","status":"publish","type":"page","link":"https:\/\/regensburger-ruderregatta.de\/?page_id=37","title":{"rendered":"Fahrtordnung"},"content":{"rendered":"\n<figure class=\"wp-block-image size-full\"><img loading=\"lazy\" decoding=\"async\" width=\"491\" height=\"292\" src=\"https:\/\/regensburger-ruderregatta.de\/wp-content\/uploads\/2022\/04\/RegattaRegensburg1000m.jpg\" alt=\"\" class=\"wp-image-38\" srcset=\"https:\/\/regensburger-ruderregatta.de\/wp-content\/uploads\/2022\/04\/RegattaRegensburg1000m.jpg 491w, https:\/\/regensburger-ruderregatta.de\/wp-content\/uploads\/2022\/04\/RegattaRegensburg1000m-300x178.jpg 300w\" sizes=\"auto, (max-width: 491px) 100vw, 491px\" \/><\/figure>\n\n\n\n<figure class=\"wp-block-image size-full\"><img loading=\"lazy\" decoding=\"async\" width=\"504\" height=\"285\" src=\"https:\/\/regensburger-ruderregatta.de\/wp-content\/uploads\/2022\/04\/shapeimage_2.png\" alt=\"\" class=\"wp-image-39\" srcset=\"https:\/\/regensburger-ruderregatta.de\/wp-content\/uploads\/2022\/04\/shapeimage_2.png 504w, https:\/\/regensburger-ruderregatta.de\/wp-content\/uploads\/2022\/04\/shapeimage_2-300x170.png 300w\" sizes=\"auto, (max-width: 504px) 100vw, 504px\" \/><\/figure>\n\n\n\n<p><\/p>\n\n\n\n<p><strong>Bitte unbedingt die Fahrtordnung beachten!<\/strong><br>Wir weisen ausdr\u00fccklich darauf hin, dass w\u00e4hrend der gesamten Regatta ein Drittel der Donau (Nordseite gegen\u00fcber den Bootsh\u00e4usern) f\u00fcr die Berufsschifffahrt freigelassen werden muss. Die Berufsschifffahrt darf mit reduziertem Tempo passieren.<\/p>\n\n\n\n<p><\/p>\n\n\n\n<p>Trainingsfahrten\u00a0sind w\u00e4hrend der Langstrecke der JuM sowie 30 min davor und danach nicht gestattet.<br>Ansonsten sind Trainingsfahrten <strong>au\u00dferhalb der Strecke<\/strong> auf eigene Gefahr m\u00f6glich.<\/p>\n\n\n\n<p><strong>Fahrtordnung Langstrecke:<\/strong><br>Vom Start oberhalb des Stegs geht es 1000m am Ufer stromaufw\u00e4rts. <br>Wer \u00fcberholt wird muss nach Steuerbord (Richtung Flu\u00dfmitte) ausweichen.<\/p>\n\n\n\n<p><strong>An der Wende gilt: <\/strong>die Wende-Boje muss stromaufw\u00e4rts umfahren werden. Vorrang hat, wer zuerst auf H\u00f6he der Wendeboje ist. Bei Behinderung der vorrangigen Mannschaft oder Abk\u00fcrzen, kann die Jury bis zu 30 Strafsekunden vergeben!<\/p>\n\n\n\n<p>Nach der Wende geht es 2000m stromabw\u00e4rts in der Flussmitte. Wer \u00fcberholt wird weicht nach Backbord aus. Nach dem Langstrecken-Ziel bitte <strong>sofort<\/strong> wenden und am Ufer wieder stromaufw\u00e4rts zum Steg rudern!<\/p>\n\n\n\n<p><strong>Achtung:<\/strong> Das Wehr ca. 400 m unterhalb vom Langstrecken-Ziel<\/p>\n","protected":false},"excerpt":{"rendered":"<p>Bitte unbedingt die Fahrtordnung beachten!Wir weisen ausdr\u00fccklich darauf hin, dass w\u00e4hrend der gesamten Regatta ein Drittel der Donau (Nordseite gegen\u00fcber den Bootsh\u00e4usern) f\u00fcr die Berufsschifffahrt freigelassen werden muss. Die Berufsschifffahrt darf mit reduziertem Tempo passieren. Trainingsfahrten\u00a0sind w\u00e4hrend der Langstrecke der JuM sowie 30 min davor und danach nicht gestattet.Ansonsten sind Trainingsfahrten au\u00dferhalb der Strecke auf [&hellip;]<\/p>\n","protected":false},"author":1,"featured_media":0,"parent":0,"menu_order":0,"comment_status":"closed","ping_status":"closed","template":"","meta":{"_themeisle_gutenberg_block_has_review":false,"footnotes":""},"class_list":["post-37","page","type-page","status-publish","hentry"],"_links":{"self":[{"href":"https:\/\/regensburger-ruderregatta.de\/index.php?rest_route=\/wp\/v2\/pages\/37","targetHints":{"allow":["GET"]}}],"collection":[{"href":"https:\/\/regensburger-ruderregatta.de\/index.php?rest_route=\/wp\/v2\/pages"}],"about":[{"href":"https:\/\/regensburger-ruderregatta.de\/index.php?rest_route=\/wp\/v2\/types\/page"}],"author":[{"embeddable":true,"href":"https:\/\/regensburger-ruderregatta.de\/index.php?rest_route=\/wp\/v2\/users\/1"}],"replies":[{"embeddable":true,"href":"https:\/\/regensburger-ruderregatta.de\/index.php?rest_route=%2Fwp%2Fv2%2Fcomments&post=37"}],"version-history":[{"count":7,"href":"https:\/\/regensburger-ruderregatta.de\/index.php?rest_route=\/wp\/v2\/pages\/37\/revisions"}],"predecessor-version":[{"id":6084,"href":"https:\/\/regensburger-ruderregatta.de\/index.php?rest_route=\/wp\/v2\/pages\/37\/revisions\/6084"}],"wp:attachment":[{"href":"https:\/\/regensburger-ruderregatta.de\/index.php?rest_route=%2Fwp%2Fv2%2Fmedia&parent=37"}],"curies":[{"name":"wp","href":"https:\/\/api.w.org\/{rel}","templated":true}]}}