{"id":9,"date":"2022-04-30T14:23:34","date_gmt":"2022-04-30T14:23:34","guid":{"rendered":"https:\/\/regensburger-ruderregatta.de\/?page_id=9"},"modified":"2022-05-01T13:39:32","modified_gmt":"2022-05-01T13:39:32","slug":"impressum","status":"publish","type":"page","link":"https:\/\/regensburger-ruderregatta.de\/?page_id=9","title":{"rendered":"Impressum und Datenschutz"},"content":{"rendered":"\n<p>Regatta-Gemeinschaft RRK\/RRV Regensburg e.V<br>Messerschmittstra\u00dfe 2<br>93049 Regensburg<\/p>\n\n\n\n<p>Vertretungsberechtigter Vorstand: Anita Gramann<br>Registergericht: Amtsgericht Regensburg<\/p>\n\n\n\n<p>Haftungshinweis:<br>Trotz sorgf\u00e4ltiger inhaltlicher Kontrolle \u00fcbernehmen wir keine Haftung f\u00fcr die Inhalte externer Links. F\u00fcr den Inhalt der verlinkten Seiten sind ausschlie\u00dflich deren Betreiber verantwortlich.<\/p>\n\n\n\n<p>Datenschutz:\u00a0<br>Diese Webseite speichert keine Daten, keine Cookies und benutzt kein Google Analytics oder andere Tools. Jegliche Kontaktaufnahme erfolgt \u00fcber die auf die Webseite angegebenen Emailadressen.\u00a0<\/p>\n","protected":false},"excerpt":{"rendered":"<p>Regatta-Gemeinschaft RRK\/RRV Regensburg e.VMesserschmittstra\u00dfe 293049 Regensburg Vertretungsberechtigter Vorstand: Anita GramannRegistergericht: Amtsgericht Regensburg Haftungshinweis:Trotz sorgf\u00e4ltiger inhaltlicher Kontrolle \u00fcbernehmen wir keine Haftung f\u00fcr die Inhalte externer Links. F\u00fcr den Inhalt der verlinkten Seiten sind ausschlie\u00dflich deren Betreiber verantwortlich. Datenschutz:\u00a0Diese Webseite speichert keine Daten, keine Cookies und benutzt kein Google Analytics oder andere Tools. Jegliche Kontaktaufnahme erfolgt \u00fcber [&hellip;]<\/p>\n","protected":false},"author":1,"featured_media":0,"parent":0,"menu_order":0,"comment_status":"closed","ping_status":"closed","template":"","meta":{"_themeisle_gutenberg_block_has_review":false,"footnotes":""},"class_list":["post-9","page","type-page","status-publish","hentry"],"_links":{"self":[{"href":"https:\/\/regensburger-ruderregatta.de\/index.php?rest_route=\/wp\/v2\/pages\/9","targetHints":{"allow":["GET"]}}],"collection":[{"href":"https:\/\/regensburger-ruderregatta.de\/index.php?rest_route=\/wp\/v2\/pages"}],"about":[{"href":"https:\/\/regensburger-ruderregatta.de\/index.php?rest_route=\/wp\/v2\/types\/page"}],"author":[{"embeddable":true,"href":"https:\/\/regensburger-ruderregatta.de\/index.php?rest_route=\/wp\/v2\/users\/1"}],"replies":[{"embeddable":true,"href":"https:\/\/regensburger-ruderregatta.de\/index.php?rest_route=%2Fwp%2Fv2%2Fcomments&post=9"}],"version-history":[{"count":5,"href":"https:\/\/regensburger-ruderregatta.de\/index.php?rest_route=\/wp\/v2\/pages\/9\/revisions"}],"predecessor-version":[{"id":4977,"href":"https:\/\/regensburger-ruderregatta.de\/index.php?rest_route=\/wp\/v2\/pages\/9\/revisions\/4977"}],"wp:attachment":[{"href":"https:\/\/regensburger-ruderregatta.de\/index.php?rest_route=%2Fwp%2Fv2%2Fmedia&parent=9"}],"curies":[{"name":"wp","href":"https:\/\/api.w.org\/{rel}","templated":true}]}}